{"id":2,"date":"2020-12-15T13:29:17","date_gmt":"2020-12-15T13:29:17","guid":{"rendered":"https:\/\/fahrschule-bruegge.de\/?page_id=2"},"modified":"2021-05-02T12:52:00","modified_gmt":"2021-05-02T12:52:00","slug":"fuehrerscheinklassen","status":"publish","type":"page","link":"https:\/\/fahrschule-bruegge.de\/?page_id=2","title":{"rendered":"Downloads"},"content":{"rendered":"\n<h2 class=\"wp-block-heading\"><strong>Gesucht und gefunden.<\/strong><\/h2>\n\n\n\n<p>Du ben\u00f6tigst noch Dokumente, um deinen Antrag fertigzustellen? Hier findest du alles f\u00fcr deinen Erstantrag bei der Fahrschule Br\u00fcgge:<\/p>\n\n\n\n<div class=\"wp-block-file\"><a href=\"https:\/\/fahrschule-bruegge.de\/wp-content\/uploads\/2021\/03\/vordruck-anlage-zum-antrag-fe-17.pdf\">Antrag auf Teilnahme am &#8222;Begleiteten Fahren mit 17&#8220; (Begleitperson)<\/a><a href=\"https:\/\/fahrschule-bruegge.de\/wp-content\/uploads\/2021\/03\/vordruck-anlage-zum-antrag-fe-17.pdf\" class=\"wp-block-file__button\" download>Herunterladen<\/a><\/div>\n\n\n\n<div class=\"wp-block-file\"><a href=\"https:\/\/fahrschule-bruegge.de\/wp-content\/uploads\/2021\/03\/vordruck-antrag-fe-17.pdf\">Antrag auf Teilnahme am &#8222;Begleiteten Fahren mit 17&#8220; (Antragsteller)<\/a><a href=\"https:\/\/fahrschule-bruegge.de\/wp-content\/uploads\/2021\/03\/vordruck-antrag-fe-17.pdf\" class=\"wp-block-file__button\" download>Herunterladen<\/a><\/div>\n\n\n\n<figure class=\"wp-block-image size-large is-resized\"><img loading=\"lazy\" decoding=\"async\" src=\"https:\/\/fahrschule-bruegge.de\/wp-content\/uploads\/2021\/05\/fahrschule_eingang-768x1024.jpg\" alt=\"\" class=\"wp-image-227\" width=\"576\" height=\"768\" srcset=\"https:\/\/fahrschule-bruegge.de\/wp-content\/uploads\/2021\/05\/fahrschule_eingang-768x1024.jpg 768w, https:\/\/fahrschule-bruegge.de\/wp-content\/uploads\/2021\/05\/fahrschule_eingang-225x300.jpg 225w, https:\/\/fahrschule-bruegge.de\/wp-content\/uploads\/2021\/05\/fahrschule_eingang-1152x1536.jpg 1152w, https:\/\/fahrschule-bruegge.de\/wp-content\/uploads\/2021\/05\/fahrschule_eingang-600x800.jpg 600w, https:\/\/fahrschule-bruegge.de\/wp-content\/uploads\/2021\/05\/fahrschule_eingang.jpg 1512w\" sizes=\"auto, (max-width: 576px) 100vw, 576px\" \/><\/figure>\n","protected":false},"excerpt":{"rendered":"<p>Gesucht und gefunden. Du ben\u00f6tigst noch Dokumente, um deinen Antrag fertigzustellen? Hier findest du alles f\u00fcr deinen Erstantrag bei der Fahrschule Br\u00fcgge:<\/p>\n","protected":false},"author":1,"featured_media":0,"parent":0,"menu_order":0,"comment_status":"closed","ping_status":"closed","template":"","meta":{"footnotes":""},"class_list":["post-2","page","type-page","status-publish","hentry"],"_links":{"self":[{"href":"https:\/\/fahrschule-bruegge.de\/index.php?rest_route=\/wp\/v2\/pages\/2","targetHints":{"allow":["GET"]}}],"collection":[{"href":"https:\/\/fahrschule-bruegge.de\/index.php?rest_route=\/wp\/v2\/pages"}],"about":[{"href":"https:\/\/fahrschule-bruegge.de\/index.php?rest_route=\/wp\/v2\/types\/page"}],"author":[{"embeddable":true,"href":"https:\/\/fahrschule-bruegge.de\/index.php?rest_route=\/wp\/v2\/users\/1"}],"replies":[{"embeddable":true,"href":"https:\/\/fahrschule-bruegge.de\/index.php?rest_route=%2Fwp%2Fv2%2Fcomments&post=2"}],"version-history":[{"count":10,"href":"https:\/\/fahrschule-bruegge.de\/index.php?rest_route=\/wp\/v2\/pages\/2\/revisions"}],"predecessor-version":[{"id":228,"href":"https:\/\/fahrschule-bruegge.de\/index.php?rest_route=\/wp\/v2\/pages\/2\/revisions\/228"}],"wp:attachment":[{"href":"https:\/\/fahrschule-bruegge.de\/index.php?rest_route=%2Fwp%2Fv2%2Fmedia&parent=2"}],"curies":[{"name":"wp","href":"https:\/\/api.w.org\/{rel}","templated":true}]}}