{"id":23,"date":"2021-01-22T14:19:34","date_gmt":"2021-01-22T14:19:34","guid":{"rendered":"https:\/\/fahrschule-bruegge.de\/?page_id=23"},"modified":"2021-05-02T12:49:52","modified_gmt":"2021-05-02T12:49:52","slug":"startseite","status":"publish","type":"page","link":"https:\/\/fahrschule-bruegge.de\/","title":{"rendered":"Hallo"},"content":{"rendered":"\n<h2 class=\"wp-block-heading\">Willkommen in der Fahrschule Br\u00fcgge.<\/h2>\n\n\n\n<p><em>Wir sind deine Fahrschule im Hamburger Westen und t\u00e4glich mit und f\u00fcr euch unterwegs. Wir sind ein Team aus qualifizierten Fahrlehrern, die immer alles daf\u00fcr geben, dich durch diese Phase des Lebens zu begleiten.&nbsp;Ihr findet uns nur 5 Gehminuten vom Bahnhof Blankenese entfernt.<\/em><\/p>\n\n\n\n<p><em>Wir haben jahrelange Erfahrung, sind aber nicht eingestaubt. Bei uns gehen Praxis und Theorie Hand in Hand und wir bieten unseren Fahrsch\u00fclern und Kunden stets die neusten und unkomplizierteste Lehrmethoden an. Immer mit einem L\u00e4cheln und aufbauenden Worten.<\/em><\/p>\n\n\n\n<figure class=\"wp-block-image size-large\"><img loading=\"lazy\" decoding=\"async\" width=\"1024\" height=\"768\" src=\"https:\/\/fahrschule-bruegge.de\/wp-content\/uploads\/2021\/05\/fahrschule_theorie1-1024x768.jpg\" alt=\"\" class=\"wp-image-224\" srcset=\"https:\/\/fahrschule-bruegge.de\/wp-content\/uploads\/2021\/05\/fahrschule_theorie1-1024x768.jpg 1024w, https:\/\/fahrschule-bruegge.de\/wp-content\/uploads\/2021\/05\/fahrschule_theorie1-300x225.jpg 300w, https:\/\/fahrschule-bruegge.de\/wp-content\/uploads\/2021\/05\/fahrschule_theorie1-768x576.jpg 768w, https:\/\/fahrschule-bruegge.de\/wp-content\/uploads\/2021\/05\/fahrschule_theorie1-1536x1152.jpg 1536w, https:\/\/fahrschule-bruegge.de\/wp-content\/uploads\/2021\/05\/fahrschule_theorie1-600x450.jpg 600w, https:\/\/fahrschule-bruegge.de\/wp-content\/uploads\/2021\/05\/fahrschule_theorie1.jpg 2016w\" sizes=\"auto, (max-width: 1024px) 100vw, 1024px\" \/><\/figure>\n\n\n\n<p><\/p>\n","protected":false},"excerpt":{"rendered":"<p>Willkommen in der Fahrschule Br\u00fcgge. Wir sind deine Fahrschule im Hamburger Westen und t\u00e4glich mit und f\u00fcr euch unterwegs. Wir sind ein Team aus qualifizierten Fahrlehrern, die immer alles daf\u00fcr geben, dich durch diese Phase des Lebens zu begleiten.&nbsp;Ihr findet uns nur 5 Gehminuten vom Bahnhof Blankenese entfernt. Wir haben jahrelange Erfahrung, sind aber nicht [&hellip;]<\/p>\n","protected":false},"author":1,"featured_media":0,"parent":0,"menu_order":0,"comment_status":"closed","ping_status":"closed","template":"","meta":{"footnotes":""},"class_list":["post-23","page","type-page","status-publish","hentry"],"_links":{"self":[{"href":"https:\/\/fahrschule-bruegge.de\/index.php?rest_route=\/wp\/v2\/pages\/23","targetHints":{"allow":["GET"]}}],"collection":[{"href":"https:\/\/fahrschule-bruegge.de\/index.php?rest_route=\/wp\/v2\/pages"}],"about":[{"href":"https:\/\/fahrschule-bruegge.de\/index.php?rest_route=\/wp\/v2\/types\/page"}],"author":[{"embeddable":true,"href":"https:\/\/fahrschule-bruegge.de\/index.php?rest_route=\/wp\/v2\/users\/1"}],"replies":[{"embeddable":true,"href":"https:\/\/fahrschule-bruegge.de\/index.php?rest_route=%2Fwp%2Fv2%2Fcomments&post=23"}],"version-history":[{"count":4,"href":"https:\/\/fahrschule-bruegge.de\/index.php?rest_route=\/wp\/v2\/pages\/23\/revisions"}],"predecessor-version":[{"id":225,"href":"https:\/\/fahrschule-bruegge.de\/index.php?rest_route=\/wp\/v2\/pages\/23\/revisions\/225"}],"wp:attachment":[{"href":"https:\/\/fahrschule-bruegge.de\/index.php?rest_route=%2Fwp%2Fv2%2Fmedia&parent=23"}],"curies":[{"name":"wp","href":"https:\/\/api.w.org\/{rel}","templated":true}]}}