{"id":57,"date":"2021-01-22T19:23:57","date_gmt":"2021-01-22T19:23:57","guid":{"rendered":"https:\/\/fahrschule-bruegge.de\/?page_id=57"},"modified":"2024-02-14T10:34:56","modified_gmt":"2024-02-14T10:34:56","slug":"team","status":"publish","type":"page","link":"https:\/\/fahrschule-bruegge.de\/?page_id=57","title":{"rendered":"Team"},"content":{"rendered":"\n<p><strong><em>Dein F\u00fchrerschein \u2013&nbsp;Dein Fahrlehrer.<\/em><\/strong><\/p>\n\n\n\n<p><em>Bei uns kannst du dir deinen Fahrlehrer selbst aussuchen. Im Theorieunterricht kannst du uns kennenlernen und ansprechen. Jeder von uns verabredet individuell mit dir Fahrstunden und stellt sich auf deine Bed\u00fcrfnisse ein.<\/em><\/p>\n\n\n\n<p><em>Die Fahrerlaubnis stellt f\u00fcr dich und deine Zukunft einen wichtigen Meilenstein dar und ist f\u00fcr den pers\u00f6nlichen und beruflichen Werdegang unverzichtbar. <\/em><\/p>\n\n\n\n<p><em>Wir m\u00f6chten dich gerne auf diesem Weg begleiten<\/em>!<\/p>\n\n\n\n<div class=\"wp-block-columns is-layout-flex wp-container-core-columns-is-layout-9d6595d7 wp-block-columns-is-layout-flex\">\n<div class=\"wp-block-column is-layout-flow wp-block-column-is-layout-flow\">\n<figure class=\"wp-block-image size-large is-resized\"><img loading=\"lazy\" decoding=\"async\" width=\"1024\" height=\"768\" src=\"https:\/\/fahrschule-bruegge.de\/wp-content\/uploads\/2021\/01\/2020_Christain_Bruegge-1024x768.jpg\" alt=\"Christian Br\u00fcgge\" class=\"wp-image-59\" style=\"width:363px;height:272px\" srcset=\"https:\/\/fahrschule-bruegge.de\/wp-content\/uploads\/2021\/01\/2020_Christain_Bruegge-1024x768.jpg 1024w, https:\/\/fahrschule-bruegge.de\/wp-content\/uploads\/2021\/01\/2020_Christain_Bruegge-300x225.jpg 300w, https:\/\/fahrschule-bruegge.de\/wp-content\/uploads\/2021\/01\/2020_Christain_Bruegge-768x576.jpg 768w, https:\/\/fahrschule-bruegge.de\/wp-content\/uploads\/2021\/01\/2020_Christain_Bruegge-600x450.jpg 600w, https:\/\/fahrschule-bruegge.de\/wp-content\/uploads\/2021\/01\/2020_Christain_Bruegge.jpg 1299w\" sizes=\"auto, (max-width: 1024px) 100vw, 1024px\" \/><figcaption class=\"wp-element-caption\"><strong>Christian Br\u00fcgge<\/strong><br>Gesch\u00e4ftsf\u00fchrer und Fahrlehrer<\/figcaption><\/figure>\n<\/div>\n\n\n\n<div class=\"wp-block-column is-layout-flow wp-block-column-is-layout-flow\">\n<figure class=\"wp-block-image size-large is-resized\"><img loading=\"lazy\" decoding=\"async\" width=\"1024\" height=\"683\" src=\"https:\/\/fahrschule-bruegge.de\/wp-content\/uploads\/2023\/02\/Ivo-1024x683.jpg\" alt=\"\" class=\"wp-image-363\" style=\"width:363px;height:242px\" srcset=\"https:\/\/fahrschule-bruegge.de\/wp-content\/uploads\/2023\/02\/Ivo-1024x683.jpg 1024w, https:\/\/fahrschule-bruegge.de\/wp-content\/uploads\/2023\/02\/Ivo-300x200.jpg 300w, https:\/\/fahrschule-bruegge.de\/wp-content\/uploads\/2023\/02\/Ivo-768x512.jpg 768w, https:\/\/fahrschule-bruegge.de\/wp-content\/uploads\/2023\/02\/Ivo-600x400.jpg 600w, https:\/\/fahrschule-bruegge.de\/wp-content\/uploads\/2023\/02\/Ivo.jpg 1296w\" sizes=\"auto, (max-width: 1024px) 100vw, 1024px\" \/><figcaption class=\"wp-element-caption\"><strong>Fahrschulhund Ivo<\/strong><br>Wir bringen euch auf die Stra\u00dfen!<\/figcaption><\/figure>\n<\/div>\n\n\n\n<div class=\"wp-block-column is-layout-flow wp-block-column-is-layout-flow\">\n<figure class=\"wp-block-image size-large is-resized\"><img loading=\"lazy\" decoding=\"async\" width=\"1024\" height=\"768\" src=\"https:\/\/fahrschule-bruegge.de\/wp-content\/uploads\/2021\/01\/2020_Maximilian_Bruegge-1024x768.jpg\" alt=\"\" class=\"wp-image-60\" style=\"width:361px;height:271px\" srcset=\"https:\/\/fahrschule-bruegge.de\/wp-content\/uploads\/2021\/01\/2020_Maximilian_Bruegge-1024x768.jpg 1024w, https:\/\/fahrschule-bruegge.de\/wp-content\/uploads\/2021\/01\/2020_Maximilian_Bruegge-300x225.jpg 300w, https:\/\/fahrschule-bruegge.de\/wp-content\/uploads\/2021\/01\/2020_Maximilian_Bruegge-768x576.jpg 768w, https:\/\/fahrschule-bruegge.de\/wp-content\/uploads\/2021\/01\/2020_Maximilian_Bruegge-600x450.jpg 600w, https:\/\/fahrschule-bruegge.de\/wp-content\/uploads\/2021\/01\/2020_Maximilian_Bruegge.jpg 1380w\" sizes=\"auto, (max-width: 1024px) 100vw, 1024px\" \/><figcaption class=\"wp-element-caption\"><strong>Maximilian Br\u00fcgge<\/strong><br>Fahrlehrer<\/figcaption><\/figure>\n<\/div>\n<\/div>\n\n\n\n<div class=\"wp-block-columns is-layout-flex wp-container-core-columns-is-layout-9d6595d7 wp-block-columns-is-layout-flex\">\n<div class=\"wp-block-column is-layout-flow wp-block-column-is-layout-flow\" style=\"flex-basis:33.33%\"><\/div>\n\n\n\n<div class=\"wp-block-column is-layout-flow wp-block-column-is-layout-flow\" style=\"flex-basis:66.66%\"><\/div>\n<\/div>\n","protected":false},"excerpt":{"rendered":"<p>Dein F\u00fchrerschein \u2013&nbsp;Dein Fahrlehrer. Bei uns kannst du dir deinen Fahrlehrer selbst aussuchen. Im Theorieunterricht kannst du uns kennenlernen und ansprechen. Jeder von uns verabredet individuell mit dir Fahrstunden und stellt sich auf deine Bed\u00fcrfnisse ein. Die Fahrerlaubnis stellt f\u00fcr dich und deine Zukunft einen wichtigen Meilenstein dar und ist f\u00fcr den pers\u00f6nlichen und beruflichen [&hellip;]<\/p>\n","protected":false},"author":1,"featured_media":0,"parent":0,"menu_order":0,"comment_status":"closed","ping_status":"closed","template":"","meta":{"footnotes":""},"class_list":["post-57","page","type-page","status-publish","hentry"],"_links":{"self":[{"href":"https:\/\/fahrschule-bruegge.de\/index.php?rest_route=\/wp\/v2\/pages\/57","targetHints":{"allow":["GET"]}}],"collection":[{"href":"https:\/\/fahrschule-bruegge.de\/index.php?rest_route=\/wp\/v2\/pages"}],"about":[{"href":"https:\/\/fahrschule-bruegge.de\/index.php?rest_route=\/wp\/v2\/types\/page"}],"author":[{"embeddable":true,"href":"https:\/\/fahrschule-bruegge.de\/index.php?rest_route=\/wp\/v2\/users\/1"}],"replies":[{"embeddable":true,"href":"https:\/\/fahrschule-bruegge.de\/index.php?rest_route=%2Fwp%2Fv2%2Fcomments&post=57"}],"version-history":[{"count":8,"href":"https:\/\/fahrschule-bruegge.de\/index.php?rest_route=\/wp\/v2\/pages\/57\/revisions"}],"predecessor-version":[{"id":429,"href":"https:\/\/fahrschule-bruegge.de\/index.php?rest_route=\/wp\/v2\/pages\/57\/revisions\/429"}],"wp:attachment":[{"href":"https:\/\/fahrschule-bruegge.de\/index.php?rest_route=%2Fwp%2Fv2%2Fmedia&parent=57"}],"curies":[{"name":"wp","href":"https:\/\/api.w.org\/{rel}","templated":true}]}}