{"id":78,"date":"2021-01-22T19:49:01","date_gmt":"2021-01-22T19:49:01","guid":{"rendered":"https:\/\/fahrschule-bruegge.de\/?page_id=78"},"modified":"2021-01-22T19:49:02","modified_gmt":"2021-01-22T19:49:02","slug":"fahrerlaubnis","status":"publish","type":"page","link":"https:\/\/fahrschule-bruegge.de\/?page_id=78","title":{"rendered":"Fahrerlaubnis"},"content":{"rendered":"\n<h2 class=\"wp-block-heading\"><strong><em>Fahren ab 18 Jahren<\/em><\/strong><\/h2>\n\n\n\n<p><em>Sicherlich kannst du dir vorstellen, dass wir einiges an Dokumenten von dir ben\u00f6tigen, um auch bei der zust\u00e4ndigen Beh\u00f6rde einen Antrag auf Erwerb einer Fahrerlaubnis stellen zu k\u00f6nnen. Deshalb m\u00f6chten wir dich bitten, folgende Unterlagen mitzubringen:<\/em><\/p>\n\n\n\n<h4 class=\"wp-block-heading\"><em>Erstantrag ab 18 Jahren:<\/em><\/h4>\n\n\n\n<ul class=\"wp-block-list\"><li><em>Biometrisches Passbild (Ma\u00dfe 35mmx45mm)<\/em><\/li><li><em>Sehtest im Original (ausreichend vom Optiker)<\/em><\/li><li><em>Erste-Hilfe-Schein in Kopie<\/em><\/li><li><em>Kopie deines Personalausweises<\/em><\/li><\/ul>\n\n\n\n<p><em>(Bei Nichtbesitz eines Personalausweises muss eine Kopie des Reisepasses und eine Meldebescheinigung im Original, die nicht \u00e4lter als sechs Monate sein darf, abgegeben werden.)<\/em><\/p>\n\n\n\n<h2 class=\"wp-block-heading\"><strong><em>Begleitetes Fahren ab 17 Jahren<\/em><\/strong><\/h2>\n\n\n\n<h4 class=\"wp-block-heading\"><em>Erstantrag ab 17 Jahren:<\/em><\/h4>\n\n\n\n<ul class=\"wp-block-list\"><li><em>Biometrisches Passbild (Ma\u00dfe 35mmx45mm)<\/em><\/li><li><em>Sehtest im Original (ausreichend vom Optiker)<\/em><\/li><li><em>Erste-Hilfe-Schein in Kopie<\/em><\/li><li><em>Kopie deines Personalausweises<\/em><\/li><li><em>Antrag auf Teilnahme am \u201eBegleiteten Fahren mit 17\u201c (Antragsteller)<\/em><\/li><li><em>Anlage zum Antrag auf Teilnahme am \u201eBegleiteten Fahren mit 17\u201c (Begleitperson)<\/em><\/li><li><em>Kopie des F\u00fchrerscheins und Ausweises deiner Begleitperson(beidseitig)<\/em><\/li><\/ul>\n\n\n\n<p><em>(Hinweis: Wer ist als Begleitperson geeignet? Deine Begleitperson muss \u00fcber 30 Jahre alt sein, die F\u00fchrerscheinklasse B seit mehr als f\u00fcnf Jahren besitzen und sie darf nur einen Punkt haben.)<\/em><\/p>\n\n\n\n<h2 class=\"wp-block-heading\"><strong><em>Erweiterung der Fahrerlaubnis<\/em><\/strong><\/h2>\n\n\n\n<h4 class=\"wp-block-heading\"><em>Ben\u00f6tigte Dokumente zur Antragsstellung:<\/em><\/h4>\n\n\n\n<ul class=\"wp-block-list\"><li><em>Biometrisches Passbild (Ma\u00dfe 35mmx45mm)<\/em><\/li><li><em>Sehtest im Original (ausreichend vom Optiker)<\/em><\/li><li><em>Erste-Hilfe-Schein in Kopie<\/em><\/li><\/ul>\n\n\n\n<p><em>Wir freuen uns, wenn du bereits mit ausgef\u00fcllten Seiten zu uns kommst. Wir helfen dir aber auch, wenn du mal nicht weiter wei\u00dft.<\/em><\/p>\n","protected":false},"excerpt":{"rendered":"<p>Fahren ab 18 Jahren Sicherlich kannst du dir vorstellen, dass wir einiges an Dokumenten von dir ben\u00f6tigen, um auch bei der zust\u00e4ndigen Beh\u00f6rde einen Antrag auf Erwerb einer Fahrerlaubnis stellen zu k\u00f6nnen. Deshalb m\u00f6chten wir dich bitten, folgende Unterlagen mitzubringen: Erstantrag ab 18 Jahren: Biometrisches Passbild (Ma\u00dfe 35mmx45mm) Sehtest im Original (ausreichend vom Optiker) Erste-Hilfe-Schein [&hellip;]<\/p>\n","protected":false},"author":1,"featured_media":0,"parent":0,"menu_order":0,"comment_status":"closed","ping_status":"closed","template":"","meta":{"footnotes":""},"class_list":["post-78","page","type-page","status-publish","hentry"],"_links":{"self":[{"href":"https:\/\/fahrschule-bruegge.de\/index.php?rest_route=\/wp\/v2\/pages\/78","targetHints":{"allow":["GET"]}}],"collection":[{"href":"https:\/\/fahrschule-bruegge.de\/index.php?rest_route=\/wp\/v2\/pages"}],"about":[{"href":"https:\/\/fahrschule-bruegge.de\/index.php?rest_route=\/wp\/v2\/types\/page"}],"author":[{"embeddable":true,"href":"https:\/\/fahrschule-bruegge.de\/index.php?rest_route=\/wp\/v2\/users\/1"}],"replies":[{"embeddable":true,"href":"https:\/\/fahrschule-bruegge.de\/index.php?rest_route=%2Fwp%2Fv2%2Fcomments&post=78"}],"version-history":[{"count":1,"href":"https:\/\/fahrschule-bruegge.de\/index.php?rest_route=\/wp\/v2\/pages\/78\/revisions"}],"predecessor-version":[{"id":80,"href":"https:\/\/fahrschule-bruegge.de\/index.php?rest_route=\/wp\/v2\/pages\/78\/revisions\/80"}],"wp:attachment":[{"href":"https:\/\/fahrschule-bruegge.de\/index.php?rest_route=%2Fwp%2Fv2%2Fmedia&parent=78"}],"curies":[{"name":"wp","href":"https:\/\/api.w.org\/{rel}","templated":true}]}}